{"id":29,"date":"2018-03-15T15:48:31","date_gmt":"2018-03-15T14:48:31","guid":{"rendered":"https:\/\/launch.thinking-circular.de\/?page_id=29"},"modified":"2025-11-08T17:29:31","modified_gmt":"2025-11-08T16:29:31","slug":"partners","status":"publish","type":"page","link":"https:\/\/thinking-circular.com\/de\/partners\/","title":{"rendered":"Partner"},"content":{"rendered":"<div class=\"wpb-content-wrapper\"><p>[vc_row css_animation=&#8220;&#8220; row_type=&#8220;row&#8220; use_row_as_full_screen_section=&#8220;no&#8220; type=&#8220;full_width&#8220; angled_section=&#8220;no&#8220; text_align=&#8220;left&#8220; background_image_as_pattern=&#8220;without_pattern&#8220; z_index=&#8220;&#8220;][vc_column][vc_empty_space height=&#8220;100px&#8220;][vc_row_inner row_type=&#8220;row&#8220; type=&#8220;grid&#8220; text_align=&#8220;left&#8220; row_negative_margin=&#8220;disable_negative_margin&#8220; css_animation=&#8220;&#8220;][vc_column_inner offset=&#8220;vc_col-lg-6 vc_col-md-4 vc_hidden-sm vc_col-xs-12 vc_hidden-xs&#8220;][vc_single_image image=&#8220;603&#8243; img_size=&#8220;large&#8220; alignment=&#8220;center&#8220; style=&#8220;vc_box_shadow&#8220; qode_css_animation=&#8220;&#8220;][vc_empty_space height=&#8220;100px&#8220;][\/vc_column_inner][vc_column_inner css=&#8220;.vc_custom_1523350415974{padding-top: 40px !important;padding-right: 65px !important;padding-bottom: 106px !important;padding-left: 65px !important;background-color: #ffffff !important;}&#8220; offset=&#8220;vc_col-lg-6 vc_col-md-8 vc_col-xs-12&#8243;][vc_column_text]<\/p>\n<h1>Partner<\/h1>\n<p>[\/vc_column_text][vc_empty_space height=&#8220;25px&#8220;][vc_column_text]Wir arbeiten mit f\u00fchrenden Organisationen im Bereich der Circular Economy zusammen, um gemeinsam eine nachhaltigere Zukunft zu gestalten. Unsere Partner engagieren sich alle f\u00fcr die F\u00f6rderung von umweltfreundlichen Ma\u00dfnahmen und die Implementierung zirkul\u00e4rer L\u00f6sungen. Durch diese wertvollen Partnerschaften k\u00f6nnen wir unser Fachwissen erweitern, innovative Ideen austauschen und gemeinsam einen positiven Beitrag zur Umwelt leisten. Erfahren Sie mehr \u00fcber unsere Partnerschaften und unsere gemeinsamen Initiativen, um die Kreislaufwirtschaft voranzutreiben.[\/vc_column_text][\/vc_column_inner][\/vc_row_inner][vc_empty_space height=&#8220;50px&#8220;][\/vc_column][\/vc_row][vc_row css_animation=&#8220;&#8220; row_type=&#8220;row&#8220; use_row_as_full_screen_section=&#8220;no&#8220; type=&#8220;grid&#8220; angled_section=&#8220;no&#8220; text_align=&#8220;left&#8220; background_image_as_pattern=&#8220;without_pattern&#8220; background_color=&#8220;#00000000&#8243; z_index=&#8220;&#8220;][vc_column][vc_row_inner row_type=&#8220;row&#8220; type=&#8220;full_width&#8220; text_align=&#8220;left&#8220; css_animation=&#8220;&#8220;][vc_column_inner width=&#8220;2\/3&#8243;][vc_column_text css=&#8220;&#8220;]<\/p>\n<h2 style=\"font-weight: 400;\"><strong>Unsere Partner im Netzwerk<\/strong><\/h2>\n<p>[\/vc_column_text][\/vc_column_inner][vc_column_inner width=&#8220;1\/3&#8243; offset=&#8220;vc_hidden-sm vc_hidden-xs&#8220;][vc_column_text]<\/p>\n<h1 style=\"text-align: right;\">}<\/h1>\n<p>[\/vc_column_text][\/vc_column_inner][\/vc_row_inner][vc_empty_space height=&#8220;100px&#8220;][vc_column_text css=&#8220;&#8220;]<\/p>\n<h2><strong>Gruppen &amp; Verb\u00e4nde<\/strong><\/h2>\n<p>[\/vc_column_text][vc_empty_space height=&#8220;100px&#8220;][vc_row_inner row_type=&#8220;row&#8220; type=&#8220;full_width&#8220; text_align=&#8220;left&#8220; css_animation=&#8220;&#8220;][vc_column_inner width=&#8220;1\/2&#8243;][vc_single_image image=&#8220;5502&#8243; img_size=&#8220;medium&#8220; alignment=&#8220;center&#8220; onclick=&#8220;custom_link&#8220; img_link_target=&#8220;_blank&#8220; css=&#8220;&#8220; qode_css_animation=&#8220;&#8220; link=&#8220;https:\/\/nachhaltige-beschaffung.com\/\u00fcbersicht.html&#8220;][vc_empty_space height=&#8220;30px&#8220;][\/vc_column_inner][vc_column_inner width=&#8220;1\/2&#8243;][vc_single_image image=&#8220;7478&#8243; img_size=&#8220;medium&#8220; alignment=&#8220;center&#8220; onclick=&#8220;custom_link&#8220; img_link_target=&#8220;_blank&#8220; css=&#8220;&#8220; qode_css_animation=&#8220;&#8220; link=&#8220;https:\/\/www.bnw-bundesverband.de&#8220;][vc_empty_space height=&#8220;30px&#8220;][\/vc_column_inner][\/vc_row_inner][vc_row_inner row_type=&#8220;row&#8220; type=&#8220;full_width&#8220; text_align=&#8220;left&#8220; css_animation=&#8220;&#8220;][vc_column_inner width=&#8220;1\/2&#8243;][vc_empty_space height=&#8220;30px&#8220;][vc_single_image image=&#8220;3341&#8243; img_size=&#8220;medium&#8220; alignment=&#8220;center&#8220; onclick=&#8220;custom_link&#8220; img_link_target=&#8220;_blank&#8220; css=&#8220;&#8220; qode_css_animation=&#8220;&#8220; link=&#8220;https:\/\/www.ecoliance-rlp.de\/index.php\/de\/&#8220;][vc_empty_space height=&#8220;30px&#8220;][\/vc_column_inner][vc_column_inner width=&#8220;1\/2&#8243;][vc_single_image image=&#8220;291&#8243; img_size=&#8220;full&#8220; alignment=&#8220;center&#8220; onclick=&#8220;custom_link&#8220; img_link_target=&#8220;_blank&#8220; css=&#8220;&#8220; qode_css_animation=&#8220;&#8220; link=&#8220;https:\/\/ecopreneur.eu&#8220;][vc_empty_space height=&#8220;30px&#8220;][\/vc_column_inner][\/vc_row_inner][vc_row_inner row_type=&#8220;row&#8220; type=&#8220;full_width&#8220; text_align=&#8220;left&#8220; css_animation=&#8220;&#8220;][vc_column_inner width=&#8220;1\/2&#8243;][vc_single_image image=&#8220;297&#8243; img_size=&#8220;medium&#8220; alignment=&#8220;center&#8220; onclick=&#8220;custom_link&#8220; img_link_target=&#8220;_blank&#8220; css=&#8220;&#8220; qode_css_animation=&#8220;&#8220; link=&#8220;https:\/\/www.greatergreen.eu\/&#8220;][vc_empty_space height=&#8220;30px&#8220;][\/vc_column_inner][vc_column_inner width=&#8220;1\/2&#8243;][vc_single_image image=&#8220;3640&#8243; img_size=&#8220;medium&#8220; alignment=&#8220;center&#8220; onclick=&#8220;custom_link&#8220; img_link_target=&#8220;_blank&#8220; css=&#8220;&#8220; qode_css_animation=&#8220;&#8220; link=&#8220;https:\/\/klimahub.de&#8220;][vc_empty_space height=&#8220;30px&#8220;][\/vc_column_inner][\/vc_row_inner][vc_row_inner row_type=&#8220;row&#8220; type=&#8220;full_width&#8220; text_align=&#8220;left&#8220; css_animation=&#8220;&#8220;][vc_column_inner width=&#8220;1\/2&#8243;][vc_single_image image=&#8220;311&#8243; img_size=&#8220;medium&#8220; alignment=&#8220;center&#8220; onclick=&#8220;custom_link&#8220; img_link_target=&#8220;_blank&#8220; css=&#8220;&#8220; qode_css_animation=&#8220;&#8220; link=&#8220;http:\/\/www.vwu-rlp.de\/&#8220;][vc_empty_space height=&#8220;30px&#8220;][\/vc_column_inner][vc_column_inner width=&#8220;1\/2&#8243;][vc_empty_space height=&#8220;30px&#8220;][\/vc_column_inner][\/vc_row_inner][vc_empty_space height=&#8220;90px&#8220;][vc_column_text css=&#8220;&#8220;]<\/p>\n<h2><strong>Institute<\/strong><\/h2>\n<p>[\/vc_column_text][vc_empty_space height=&#8220;100px&#8220;][vc_row_inner row_type=&#8220;row&#8220; type=&#8220;full_width&#8220; text_align=&#8220;left&#8220; css_animation=&#8220;&#8220;][vc_column_inner width=&#8220;1\/2&#8243;][vc_single_image image=&#8220;7044&#8243; img_size=&#8220;large&#8220; alignment=&#8220;center&#8220; onclick=&#8220;custom_link&#8220; img_link_target=&#8220;_blank&#8220; css=&#8220;&#8220; qode_css_animation=&#8220;&#8220; link=&#8220;https:\/\/c2c.ngo&#8220;][vc_empty_space height=&#8220;30px&#8220;][\/vc_column_inner][vc_column_inner width=&#8220;1\/2&#8243;][vc_single_image image=&#8220;8151&#8243; img_size=&#8220;full&#8220; alignment=&#8220;center&#8220; onclick=&#8220;custom_link&#8220; img_link_target=&#8220;_blank&#8220; css=&#8220;&#8220; qode_css_animation=&#8220;&#8220; link=&#8220;https:\/\/bigl.org&#8220;][vc_empty_space height=&#8220;30px&#8220;][\/vc_column_inner][\/vc_row_inner][vc_row_inner row_type=&#8220;row&#8220; type=&#8220;full_width&#8220; text_align=&#8220;left&#8220; css_animation=&#8220;&#8220;][vc_column_inner width=&#8220;1\/2&#8243;][vc_single_image image=&#8220;299&#8243; img_size=&#8220;full&#8220; alignment=&#8220;center&#8220; onclick=&#8220;custom_link&#8220; img_link_target=&#8220;_blank&#8220; css=&#8220;&#8220; qode_css_animation=&#8220;&#8220; link=&#8220;http:\/\/isso.de\/&#8220;][vc_empty_space height=&#8220;30px&#8220;][\/vc_column_inner][vc_column_inner width=&#8220;1\/2&#8243;][vc_single_image image=&#8220;1842&#8243; img_size=&#8220;full&#8220; alignment=&#8220;center&#8220; onclick=&#8220;custom_link&#8220; img_link_target=&#8220;_blank&#8220; css=&#8220;&#8220; qode_css_animation=&#8220;&#8220; link=&#8220;https:\/\/www.ea-aw.de\/&#8220;][vc_empty_space height=&#8220;30px&#8220;][\/vc_column_inner][\/vc_row_inner][vc_row_inner row_type=&#8220;row&#8220; type=&#8220;full_width&#8220; text_align=&#8220;left&#8220; css_animation=&#8220;&#8220;][vc_column_inner width=&#8220;1\/2&#8243;][vc_single_image image=&#8220;6597&#8243; img_size=&#8220;large&#8220; alignment=&#8220;center&#8220; onclick=&#8220;custom_link&#8220; img_link_target=&#8220;_blank&#8220; css=&#8220;&#8220; qode_css_animation=&#8220;&#8220; link=&#8220;https:\/\/komatra.de&#8220;][vc_empty_space height=&#8220;30px&#8220;][\/vc_column_inner][vc_column_inner width=&#8220;1\/2&#8243;][vc_single_image image=&#8220;3368&#8243; img_size=&#8220;full&#8220; alignment=&#8220;center&#8220; onclick=&#8220;custom_link&#8220; img_link_target=&#8220;_blank&#8220; css=&#8220;&#8220; qode_css_animation=&#8220;&#8220; link=&#8220;https:\/\/uls-plus.de&#8220;][vc_empty_space height=&#8220;30px&#8220;][\/vc_column_inner][\/vc_row_inner][vc_empty_space height=&#8220;100px&#8220;][\/vc_column][\/vc_row][vc_row css_animation=&#8220;&#8220; row_type=&#8220;row&#8220; use_row_as_full_screen_section=&#8220;no&#8220; type=&#8220;full_width&#8220; angled_section=&#8220;no&#8220; text_align=&#8220;left&#8220; background_image_as_pattern=&#8220;without_pattern&#8220; background_color=&#8220;#ffffff&#8220; z_index=&#8220;&#8220;][vc_column][vc_empty_space height=&#8220;150px&#8220;][vc_row_inner row_type=&#8220;row&#8220; type=&#8220;grid&#8220; text_align=&#8220;left&#8220; css_animation=&#8220;&#8220;][vc_column_inner offset=&#8220;vc_col-lg-8 vc_col-md-8 vc_col-xs-12&#8243;][vc_column_text]<\/p>\n<h2>Sprechen Sie uns an!<\/h2>\n<p>Sie m\u00f6chten Teil der Thinking-Circular-Partnerwelt werden? Sie haben Fragen bez\u00fcglich eines Projektes oder einer Idee, wof\u00fcr Ihnen noch die richtigen Partner fehlen? Gerne beantworten wir Ihre Anfrage.[\/vc_column_text][\/vc_column_inner][vc_column_inner offset=&#8220;vc_col-lg-4 vc_col-md-4 vc_hidden-sm vc_col-xs-12 vc_hidden-xs&#8220;][vc_single_image image=&#8220;147&#8243; img_size=&#8220;150&#215;150&#8243; alignment=&#8220;right&#8220; qode_css_animation=&#8220;&#8220;][\/vc_column_inner][\/vc_row_inner][vc_row_inner row_type=&#8220;row&#8220; type=&#8220;grid&#8220; text_align=&#8220;left&#8220; css_animation=&#8220;&#8220;][vc_column_inner]\n<div class=\"wpcf7 no-js\" id=\"wpcf7-f263-o1\" lang=\"de-DE\" dir=\"ltr\" data-wpcf7-id=\"263\">\n<div class=\"screen-reader-response\"><p role=\"status\" aria-live=\"polite\" aria-atomic=\"true\"><\/p> <ul><\/ul><\/div>\n<form action=\"\/de\/wp-json\/wp\/v2\/pages\/29#wpcf7-f263-o1\" method=\"post\" class=\"wpcf7-form init cf7_custom_style_1\" aria-label=\"Kontaktformular\" novalidate=\"novalidate\" data-status=\"init\">\n<fieldset class=\"hidden-fields-container\"><input type=\"hidden\" name=\"_wpcf7\" value=\"263\" \/><input type=\"hidden\" name=\"_wpcf7_version\" value=\"6.1.5\" \/><input type=\"hidden\" name=\"_wpcf7_locale\" value=\"de_DE\" \/><input type=\"hidden\" name=\"_wpcf7_unit_tag\" value=\"wpcf7-f263-o1\" \/><input type=\"hidden\" name=\"_wpcf7_container_post\" value=\"0\" \/><input type=\"hidden\" name=\"_wpcf7_posted_data_hash\" value=\"\" \/><input type=\"hidden\" name=\"_wpcf7_recaptcha_response\" value=\"\" \/>\n<\/fieldset>\n<div class=\"wps-form\">\n\t<div class=\"wps-form-row\">\n\t\t<div class=\"wps-form-column\">\n\t\t\t<p><label> Ihr Name (Pflichtfeld)<br \/>\n<span class=\"wpcf7-form-control-wrap\" data-name=\"your-name\"><input size=\"40\" maxlength=\"400\" class=\"wpcf7-form-control wpcf7-text wpcf7-validates-as-required\" aria-required=\"true\" aria-invalid=\"false\" value=\"\" type=\"text\" name=\"your-name\" \/><\/span> <\/label><br \/>\n<label> Ihre E-Mail-Adresse (Pflichtfeld)<br \/>\n<span class=\"wpcf7-form-control-wrap\" data-name=\"your-email\"><input size=\"40\" maxlength=\"400\" class=\"wpcf7-form-control wpcf7-email wpcf7-validates-as-required wpcf7-text wpcf7-validates-as-email\" aria-required=\"true\" aria-invalid=\"false\" value=\"\" type=\"email\" name=\"your-email\" \/><\/span> <\/label>\n\t\t\t<\/p>\n\t\t\t<p><label> Ihre Telefonnummer<br \/>\n<span class=\"wpcf7-form-control-wrap\" data-name=\"Telefon\"><input size=\"40\" maxlength=\"400\" class=\"wpcf7-form-control wpcf7-tel wpcf7-text wpcf7-validates-as-tel\" aria-invalid=\"false\" value=\"\" type=\"tel\" name=\"Telefon\" \/><\/span> <\/label>\n\t\t\t<\/p>\n\t\t\t<p><span class=\"wpcf7-form-control-wrap\" data-name=\"acceptance-461\"><span class=\"wpcf7-form-control wpcf7-acceptance\"><span class=\"wpcf7-list-item\"><label><input type=\"checkbox\" name=\"acceptance-461\" value=\"1\" aria-invalid=\"false\" \/><span class=\"wpcf7-list-item-label\">Ja, ich habe die <a href=\"\/datenschutz\/\">Datenschutzerkl\u00e4rung<\/a> zur Kenntnis genommen und bin damit einverstanden, dass die von mir angegebenen Daten elektronisch erhoben und gespeichert werden. Meine Daten werden dabei nur streng zweckgebunden zur Bearbeitung und Beantwortung meiner Anfrage benutzt. Mit dem Absenden des Kontaktformulars erkl\u00e4re ich mich mit der Verarbeitung einverstanden.<\/span><\/label><\/span><\/span><\/span>\n\t\t\t<\/p>\n\t\t<\/div>\n\t\t<div class=\"wps-form-column\">\n\t\t\t<p><label> Betreff<br \/>\n<span class=\"wpcf7-form-control-wrap\" data-name=\"your-subject\"><input size=\"40\" maxlength=\"400\" class=\"wpcf7-form-control wpcf7-text\" aria-invalid=\"false\" value=\"\" type=\"text\" name=\"your-subject\" \/><\/span> <\/label>\n\t\t\t<\/p>\n\t\t\t<p><label> Ihre Nachricht (Pflichtfeld)<br \/>\n<span class=\"wpcf7-form-control-wrap\" data-name=\"your-message\"><textarea cols=\"40\" rows=\"10\" maxlength=\"2000\" class=\"wpcf7-form-control wpcf7-textarea wpcf7-validates-as-required\" aria-required=\"true\" aria-invalid=\"false\" name=\"your-message\"><\/textarea><\/span> <\/label>\n\t\t\t<\/p>\n\t\t<\/div>\n\t<\/div>\n\t<p><input class=\"wpcf7-form-control wpcf7-submit has-spinner\" type=\"submit\" value=\"Senden\" \/>\n\t<\/p>\n<\/div><div class=\"wpcf7-response-output\" aria-hidden=\"true\"><\/div>\n<\/form>\n<\/div>\n[\/vc_column_inner][\/vc_row_inner][vc_empty_space height=&#8220;150px&#8220;][\/vc_column][\/vc_row]<\/p>\n<\/div>","protected":false},"excerpt":{"rendered":"<p>[vc_row css_animation=&#8220;&#8220; row_type=&#8220;row&#8220; use_row_as_full_screen_section=&#8220;no&#8220; type=&#8220;full_width&#8220; angled_section=&#8220;no&#8220; text_align=&#8220;left&#8220; background_image_as_pattern=&#8220;without_pattern&#8220; z_index=&#8220;&#8220;][vc_column][vc_empty_space height=&#8220;100px&#8220;][vc_row_inner row_type=&#8220;row&#8220; type=&#8220;grid&#8220; text_align=&#8220;left&#8220; row_negative_margin=&#8220;disable_negative_margin&#8220; css_animation=&#8220;&#8220;][vc_column_inner offset=&#8220;vc_col-lg-6 vc_col-md-4 vc_hidden-sm vc_col-xs-12 vc_hidden-xs&#8220;][vc_single_image image=&#8220;603&#8243; img_size=&#8220;large&#8220; alignment=&#8220;center&#8220; style=&#8220;vc_box_shadow&#8220; qode_css_animation=&#8220;&#8220;][vc_empty_space height=&#8220;100px&#8220;][\/vc_column_inner][vc_column_inner css=&#8220;.vc_custom_1523350415974{padding-top: 40px !important;padding-right: 65px !important;padding-bottom: 106px !important;padding-left: 65px !important;background-color: #ffffff !important;}&#8220; offset=&#8220;vc_col-lg-6 vc_col-md-8 vc_col-xs-12&#8243;][vc_column_text] Partner [\/vc_column_text][vc_empty_space height=&#8220;25px&#8220;][vc_column_text]Wir arbeiten mit f\u00fchrenden Organisationen im Bereich der Circular Economy zusammen, um gemeinsam eine nachhaltigere Zukunft zu gestalten. Unsere Partner engagieren sich alle f\u00fcr die F\u00f6rderung von umweltfreundlichen Ma\u00dfnahmen und die Implementierung zirkul\u00e4rer L\u00f6sungen. Durch diese wertvollen Partnerschaften k\u00f6nnen wir unser Fachwissen erweitern, innovative Ideen austauschen&#8230;<\/p>\n","protected":false},"author":11,"featured_media":0,"parent":0,"menu_order":0,"comment_status":"closed","ping_status":"closed","template":"full_width.php","meta":{"footnotes":""},"class_list":["post-29","page","type-page","status-publish","hentry"],"yoast_head":"<!-- This site is optimized with the Yoast SEO plugin v27.3 - https:\/\/yoast.com\/product\/yoast-seo-wordpress\/ -->\n<title>Thinking Circular Partners \u2013 das Netzwerk der Circular Economy<\/title>\n<meta name=\"description\" content=\"Wir arbeiten mit f\u00fchrenden Organisationen im Bereich der Circular Economy zusammen, um gemeinsam eine nachhaltigere Zukunft zu gestalten.\" \/>\n<meta name=\"robots\" content=\"index, follow, max-snippet:-1, max-image-preview:large, max-video-preview:-1\" \/>\n<link rel=\"canonical\" href=\"https:\/\/thinking-circular.com\/de\/partners\/\" \/>\n<meta property=\"og:locale\" content=\"de_DE\" \/>\n<meta property=\"og:type\" content=\"article\" \/>\n<meta property=\"og:title\" content=\"Thinking Circular Partners \u2013 das Netzwerk der Circular Economy\" \/>\n<meta property=\"og:description\" content=\"Mit unserem Netzwerk und unseren Kontakten bringen wir die richtigen Pers\u00f6nlichkeiten zusammen. So versammeln wir alle an einem Tisch: Start-Ups, KMUs, Techniker, Finanziers, politische Wegbereiter, Verb\u00e4nde, Institutionen \u2013 f\u00fcr eine lebenswerte Zukunft, f\u00fcr Innovationen, f\u00fcr disruptive Ideen und Technologien.\" \/>\n<meta property=\"og:url\" content=\"https:\/\/thinking-circular.com\/de\/partners\/\" \/>\n<meta property=\"og:site_name\" content=\"Thinking Circular\" \/>\n<meta property=\"article:modified_time\" content=\"2025-11-08T16:29:31+00:00\" \/>\n<meta property=\"og:image\" content=\"https:\/\/thinking-circular.com\/wp-content\/uploads\/2018\/03\/intro_partners_bg.jpg\" \/>\n\t<meta property=\"og:image:width\" content=\"1920\" \/>\n\t<meta property=\"og:image:height\" content=\"750\" \/>\n\t<meta property=\"og:image:type\" content=\"image\/jpeg\" \/>\n<meta name=\"twitter:card\" content=\"summary_large_image\" \/>\n<meta name=\"twitter:title\" content=\"Thinking Circular Partners \u2013 das Netzwerk der Circular Economy\" \/>\n<meta name=\"twitter:description\" content=\"#ThinkingCircular #Partnerschaft #gemeinsamstark #Nachhaltigkeit #Sustainability #CircularEconomy #Kreislaufwirtschaft #Mehrwert\" \/>\n<meta name=\"twitter:image\" content=\"https:\/\/thinking-circular.com\/wp-content\/uploads\/2018\/03\/intro_partners_bg.jpg\" \/>\n<meta name=\"twitter:label1\" content=\"Gesch\u00e4tzte Lesezeit\" \/>\n\t<meta name=\"twitter:data1\" content=\"5\u00a0Minuten\" \/>\n<script type=\"application\/ld+json\" class=\"yoast-schema-graph\">{\"@context\":\"https:\\\/\\\/schema.org\",\"@graph\":[{\"@type\":\"WebPage\",\"@id\":\"https:\\\/\\\/thinking-circular.com\\\/de\\\/partners\\\/\",\"url\":\"https:\\\/\\\/thinking-circular.com\\\/de\\\/partners\\\/\",\"name\":\"Thinking Circular Partners \u2013 das Netzwerk der Circular Economy\",\"isPartOf\":{\"@id\":\"https:\\\/\\\/thinking-circular.com\\\/de\\\/#website\"},\"datePublished\":\"2018-03-15T14:48:31+00:00\",\"dateModified\":\"2025-11-08T16:29:31+00:00\",\"description\":\"Wir arbeiten mit f\u00fchrenden Organisationen im Bereich der Circular Economy zusammen, um gemeinsam eine nachhaltigere Zukunft zu gestalten.\",\"breadcrumb\":{\"@id\":\"https:\\\/\\\/thinking-circular.com\\\/de\\\/partners\\\/#breadcrumb\"},\"inLanguage\":\"de\",\"potentialAction\":[{\"@type\":\"ReadAction\",\"target\":[\"https:\\\/\\\/thinking-circular.com\\\/de\\\/partners\\\/\"]}]},{\"@type\":\"BreadcrumbList\",\"@id\":\"https:\\\/\\\/thinking-circular.com\\\/de\\\/partners\\\/#breadcrumb\",\"itemListElement\":[{\"@type\":\"ListItem\",\"position\":1,\"name\":\"Startseite\",\"item\":\"https:\\\/\\\/thinking-circular.com\\\/de\\\/\"},{\"@type\":\"ListItem\",\"position\":2,\"name\":\"Partner\"}]},{\"@type\":\"WebSite\",\"@id\":\"https:\\\/\\\/thinking-circular.com\\\/de\\\/#website\",\"url\":\"https:\\\/\\\/thinking-circular.com\\\/de\\\/\",\"name\":\"Thinking Circular\",\"description\":\"Das Multiversum der Kreislaufwirtschaft.\",\"publisher\":{\"@id\":\"https:\\\/\\\/thinking-circular.com\\\/de\\\/#organization\"},\"potentialAction\":[{\"@type\":\"SearchAction\",\"target\":{\"@type\":\"EntryPoint\",\"urlTemplate\":\"https:\\\/\\\/thinking-circular.com\\\/de\\\/?s={search_term_string}\"},\"query-input\":{\"@type\":\"PropertyValueSpecification\",\"valueRequired\":true,\"valueName\":\"search_term_string\"}}],\"inLanguage\":\"de\"},{\"@type\":\"Organization\",\"@id\":\"https:\\\/\\\/thinking-circular.com\\\/de\\\/#organization\",\"name\":\"Thinking Circular\",\"url\":\"https:\\\/\\\/thinking-circular.com\\\/de\\\/\",\"logo\":{\"@type\":\"ImageObject\",\"inLanguage\":\"de\",\"@id\":\"https:\\\/\\\/thinking-circular.com\\\/de\\\/#\\\/schema\\\/logo\\\/image\\\/\",\"url\":\"https:\\\/\\\/thinking-circular.com\\\/wp-content\\\/uploads\\\/2018\\\/03\\\/logo_experts_solo.png\",\"contentUrl\":\"https:\\\/\\\/thinking-circular.com\\\/wp-content\\\/uploads\\\/2018\\\/03\\\/logo_experts_solo.png\",\"width\":535,\"height\":535,\"caption\":\"Thinking Circular\"},\"image\":{\"@id\":\"https:\\\/\\\/thinking-circular.com\\\/de\\\/#\\\/schema\\\/logo\\\/image\\\/\"}}]}<\/script>\n<!-- \/ Yoast SEO plugin. -->","yoast_head_json":{"title":"Thinking Circular Partners \u2013 das Netzwerk der Circular Economy","description":"Wir arbeiten mit f\u00fchrenden Organisationen im Bereich der Circular Economy zusammen, um gemeinsam eine nachhaltigere Zukunft zu gestalten.","robots":{"index":"index","follow":"follow","max-snippet":"max-snippet:-1","max-image-preview":"max-image-preview:large","max-video-preview":"max-video-preview:-1"},"canonical":"https:\/\/thinking-circular.com\/de\/partners\/","og_locale":"de_DE","og_type":"article","og_title":"Thinking Circular Partners \u2013 das Netzwerk der Circular Economy","og_description":"Mit unserem Netzwerk und unseren Kontakten bringen wir die richtigen Pers\u00f6nlichkeiten zusammen. So versammeln wir alle an einem Tisch: Start-Ups, KMUs, Techniker, Finanziers, politische Wegbereiter, Verb\u00e4nde, Institutionen \u2013 f\u00fcr eine lebenswerte Zukunft, f\u00fcr Innovationen, f\u00fcr disruptive Ideen und Technologien.","og_url":"https:\/\/thinking-circular.com\/de\/partners\/","og_site_name":"Thinking Circular","article_modified_time":"2025-11-08T16:29:31+00:00","og_image":[{"width":1920,"height":750,"url":"https:\/\/thinking-circular.com\/wp-content\/uploads\/2018\/03\/intro_partners_bg.jpg","type":"image\/jpeg"}],"twitter_card":"summary_large_image","twitter_title":"Thinking Circular Partners \u2013 das Netzwerk der Circular Economy","twitter_description":"#ThinkingCircular #Partnerschaft #gemeinsamstark #Nachhaltigkeit #Sustainability #CircularEconomy #Kreislaufwirtschaft #Mehrwert","twitter_image":"https:\/\/thinking-circular.com\/wp-content\/uploads\/2018\/03\/intro_partners_bg.jpg","twitter_misc":{"Gesch\u00e4tzte Lesezeit":"5\u00a0Minuten"},"schema":{"@context":"https:\/\/schema.org","@graph":[{"@type":"WebPage","@id":"https:\/\/thinking-circular.com\/de\/partners\/","url":"https:\/\/thinking-circular.com\/de\/partners\/","name":"Thinking Circular Partners \u2013 das Netzwerk der Circular Economy","isPartOf":{"@id":"https:\/\/thinking-circular.com\/de\/#website"},"datePublished":"2018-03-15T14:48:31+00:00","dateModified":"2025-11-08T16:29:31+00:00","description":"Wir arbeiten mit f\u00fchrenden Organisationen im Bereich der Circular Economy zusammen, um gemeinsam eine nachhaltigere Zukunft zu gestalten.","breadcrumb":{"@id":"https:\/\/thinking-circular.com\/de\/partners\/#breadcrumb"},"inLanguage":"de","potentialAction":[{"@type":"ReadAction","target":["https:\/\/thinking-circular.com\/de\/partners\/"]}]},{"@type":"BreadcrumbList","@id":"https:\/\/thinking-circular.com\/de\/partners\/#breadcrumb","itemListElement":[{"@type":"ListItem","position":1,"name":"Startseite","item":"https:\/\/thinking-circular.com\/de\/"},{"@type":"ListItem","position":2,"name":"Partner"}]},{"@type":"WebSite","@id":"https:\/\/thinking-circular.com\/de\/#website","url":"https:\/\/thinking-circular.com\/de\/","name":"Thinking Circular","description":"Das Multiversum der Kreislaufwirtschaft.","publisher":{"@id":"https:\/\/thinking-circular.com\/de\/#organization"},"potentialAction":[{"@type":"SearchAction","target":{"@type":"EntryPoint","urlTemplate":"https:\/\/thinking-circular.com\/de\/?s={search_term_string}"},"query-input":{"@type":"PropertyValueSpecification","valueRequired":true,"valueName":"search_term_string"}}],"inLanguage":"de"},{"@type":"Organization","@id":"https:\/\/thinking-circular.com\/de\/#organization","name":"Thinking Circular","url":"https:\/\/thinking-circular.com\/de\/","logo":{"@type":"ImageObject","inLanguage":"de","@id":"https:\/\/thinking-circular.com\/de\/#\/schema\/logo\/image\/","url":"https:\/\/thinking-circular.com\/wp-content\/uploads\/2018\/03\/logo_experts_solo.png","contentUrl":"https:\/\/thinking-circular.com\/wp-content\/uploads\/2018\/03\/logo_experts_solo.png","width":535,"height":535,"caption":"Thinking Circular"},"image":{"@id":"https:\/\/thinking-circular.com\/de\/#\/schema\/logo\/image\/"}}]}},"_links":{"self":[{"href":"https:\/\/thinking-circular.com\/de\/wp-json\/wp\/v2\/pages\/29","targetHints":{"allow":["GET"]}}],"collection":[{"href":"https:\/\/thinking-circular.com\/de\/wp-json\/wp\/v2\/pages"}],"about":[{"href":"https:\/\/thinking-circular.com\/de\/wp-json\/wp\/v2\/types\/page"}],"author":[{"embeddable":true,"href":"https:\/\/thinking-circular.com\/de\/wp-json\/wp\/v2\/users\/11"}],"replies":[{"embeddable":true,"href":"https:\/\/thinking-circular.com\/de\/wp-json\/wp\/v2\/comments?post=29"}],"version-history":[{"count":12,"href":"https:\/\/thinking-circular.com\/de\/wp-json\/wp\/v2\/pages\/29\/revisions"}],"predecessor-version":[{"id":9226,"href":"https:\/\/thinking-circular.com\/de\/wp-json\/wp\/v2\/pages\/29\/revisions\/9226"}],"wp:attachment":[{"href":"https:\/\/thinking-circular.com\/de\/wp-json\/wp\/v2\/media?parent=29"}],"curies":[{"name":"wp","href":"https:\/\/api.w.org\/{rel}","templated":true}]}}